 {"id":417,"date":"2022-09-17T17:54:17","date_gmt":"2022-09-17T17:54:17","guid":{"rendered":"https:\/\/ceetroc.com\/?page_id=417"},"modified":"2024-10-28T07:09:07","modified_gmt":"2024-10-28T07:09:07","slug":"hinh-anh","status":"publish","type":"page","link":"https:\/\/ceetroc-dancehcmc.com\/?page_id=417","title":{"rendered":"H\u00ecnh Film"},"content":{"rendered":"\n<p>\u1ede \u0111\u00e2y c\u00f3 nh\u1eefng t\u1ea5m \u1ea3nh m\u00e0 Cee \u0111i lang thang ch\u1ee5p \u0111\u01b0\u1ee3c b\u1eb1ng m\u00e1y film v\u00e0 b\u1eb1ng m\u00e1y s\u1ed1&#8230;!! Ai book Cee ch\u1ee5p th\u1eed \u0111i :))<\/p>\n","protected":false},"excerpt":{"rendered":"<p>\u1ede \u0111\u00e2y c\u00f3 nh\u1eefng t\u1ea5m \u1ea3nh m\u00e0 Cee \u0111i lang thang ch\u1ee5p \u0111\u01b0\u1ee3c b\u1eb1ng m\u00e1y film v\u00e0 b\u1eb1ng m\u00e1y s\u1ed1&#8230;!! Ai book Cee ch\u1ee5p th\u1eed \u0111i :))<\/p>\n","protected":false},"author":1,"featured_media":0,"parent":0,"menu_order":0,"comment_status":"closed","ping_status":"closed","template":"","meta":{"footnotes":""},"class_list":["post-417","page","type-page","status-publish","hentry","entry"],"jetpack_sharing_enabled":true,"_links":{"self":[{"href":"https:\/\/ceetroc-dancehcmc.com\/index.php?rest_route=\/wp\/v2\/pages\/417","targetHints":{"allow":["GET"]}}],"collection":[{"href":"https:\/\/ceetroc-dancehcmc.com\/index.php?rest_route=\/wp\/v2\/pages"}],"about":[{"href":"https:\/\/ceetroc-dancehcmc.com\/index.php?rest_route=\/wp\/v2\/types\/page"}],"author":[{"embeddable":true,"href":"https:\/\/ceetroc-dancehcmc.com\/index.php?rest_route=\/wp\/v2\/users\/1"}],"replies":[{"embeddable":true,"href":"https:\/\/ceetroc-dancehcmc.com\/index.php?rest_route=%2Fwp%2Fv2%2Fcomments&post=417"}],"version-history":[{"count":2,"href":"https:\/\/ceetroc-dancehcmc.com\/index.php?rest_route=\/wp\/v2\/pages\/417\/revisions"}],"predecessor-version":[{"id":654,"href":"https:\/\/ceetroc-dancehcmc.com\/index.php?rest_route=\/wp\/v2\/pages\/417\/revisions\/654"}],"wp:attachment":[{"href":"https:\/\/ceetroc-dancehcmc.com\/index.php?rest_route=%2Fwp%2Fv2%2Fmedia&parent=417"}],"curies":[{"name":"wp","href":"https:\/\/api.w.org\/{rel}","templated":true}]}}