 {"id":3,"date":"2021-08-27T05:47:50","date_gmt":"2021-08-27T05:47:50","guid":{"rendered":"https:\/\/ceetroc.com\/?page_id=3"},"modified":"2022-08-09T13:59:15","modified_gmt":"2022-08-09T13:59:15","slug":"privacy-policy","status":"publish","type":"page","link":"https:\/\/ceetroc-dancehcmc.com\/?page_id=3","title":{"rendered":"V\u1ec1 T\u00f4i"},"content":{"rendered":"\n<p>Ceetroc l\u00e0 m\u00ecnh \u0111\u00e2y \u00e0h c\u00e1i ch\u1eafc m\u1ecdi ng\u01b0\u1eddi s\u1ebd th\u1eafc m\u1eafc c\u00e1i ceetroc c\u00f3 \u00fd ngh\u0129a g\u00ec, C\u00ea l\u00e0 ch\u1eef c\u00e1i \u0111\u1ea7u c\u1ee7a t\u00ean m\u00ecnh nh\u01b0ng l\u00e0m web kh\u00f4ng \u0111\u01b0\u1ee3c \u0111\u1ec3 k\u00fd t\u1ef1 \u201c\u00ea\u201d n\u00ean m\u00ecnh \u0111\u1ec3 l\u00e0 cee c\u00f2n tr\u1ecdc l\u00e0 kh\u00f4ng c\u00f3 t\u00f3c, \u0111\u00f3 l\u00e0 l\u00fd do c\u00f3 c\u00e1i t\u00ean ceetroc n\u00e0y..!<\/p>\n\n\n\n<blockquote class=\"wp-block-quote is-layout-flow wp-block-quote-is-layout-flow\"><p>M\u00ecnh l\u00e0 Ph\u1ea1m Chung nh\u01b0ng d\u1ea1o g\u1ea7n \u0111\u00e2y m\u00ecnh hay \u0111\u1ec3 l\u00e0 chungp th\u1ea5y n\u00f3 c\u0169ng th\u00fa v\u1ecb. M\u00ecnh tr\u01b0\u1edbc kia l\u00e0 dancer b\u00e2y gi\u1edd th\u00ec m\u00ecnh l\u00e0m vai tr\u00f2 kh\u00e1c, chung quy l\u1ea1i v\u1eabn l\u00e0 li\u00ean quan \u0111\u1ebfn m\u00faa, m\u00ecnh c\u0169ng c\u00f3 s\u1edf th\u00edch ch\u1ee5p h\u00ecnh, quay phim, l\u00e2u l\u00e2u m\u00ecnh c\u0169ng hay ch\u01a1i tr\u00f2 ch\u01a1i em y\u00eau khoa h\u1ecdc (m\u00e0y m\u00f2 m\u1ea5y thi\u1ebft b\u1ecb c\u00f4ng ngh\u1ec7) th\u1eadt ra m\u00ecnh th\u00edch chia s\u1ebb n\u00ean m\u00ecnh m\u1edbi l\u1eadp ra c\u00e1i ceetroc n\u00e0y, m\u1ee5c \u0111\u00edch ch\u00ednh l\u00e0 \u1edf c\u1ed9t m\u1ed1c 30 tu\u1ed5i m\u00ecnh mu\u1ed1n l\u00e0m c\u00e1i g\u00ec \u0111\u00f3 cho b\u1ea3n th\u00e2n m\u00ecnh m\u1ed9t ch\u00fat.<\/p><cite>Ceetroc<\/cite><\/blockquote>\n\n\n\n<figure class=\"wp-block-gallery columns-1 is-cropped wp-block-gallery-1 is-layout-flex wp-block-gallery-is-layout-flex\"><ul class=\"blocks-gallery-grid\"><li class=\"blocks-gallery-item\"><figure><img loading=\"lazy\" decoding=\"async\" width=\"2560\" height=\"1440\" src=\"https:\/\/ceetroc.com\/wp-content\/uploads\/2021\/09\/6B526F42-BC1A-4423-A165-F8E2E7F0E07A-scaled.jpeg\" alt=\"\" data-id=\"323\" data-full-url=\"https:\/\/ceetroc.com\/wp-content\/uploads\/2021\/09\/6B526F42-BC1A-4423-A165-F8E2E7F0E07A-scaled.jpeg\" data-link=\"https:\/\/ceetroc.com\/processed-with-vsco-with-c3-preset\/\" class=\"wp-image-323\" srcset=\"https:\/\/ceetroc-dancehcmc.com\/wp-content\/uploads\/2021\/09\/6B526F42-BC1A-4423-A165-F8E2E7F0E07A-scaled.jpeg 2560w, https:\/\/ceetroc-dancehcmc.com\/wp-content\/uploads\/2021\/09\/6B526F42-BC1A-4423-A165-F8E2E7F0E07A-768x432.jpeg 768w, https:\/\/ceetroc-dancehcmc.com\/wp-content\/uploads\/2021\/09\/6B526F42-BC1A-4423-A165-F8E2E7F0E07A-1536x864.jpeg 1536w, https:\/\/ceetroc-dancehcmc.com\/wp-content\/uploads\/2021\/09\/6B526F42-BC1A-4423-A165-F8E2E7F0E07A-2048x1152.jpeg 2048w\" sizes=\"auto, (max-width: 2560px) 100vw, 2560px\" \/><figcaption class=\"blocks-gallery-item__caption\">Lang thang Europe<\/figcaption><\/figure><\/li><\/ul><figcaption class=\"blocks-gallery-caption\">Lang thang Europe<\/figcaption><\/figure>\n\n\n\n<blockquote class=\"wp-block-quote is-layout-flow wp-block-quote-is-layout-flow\"><p>Ngo\u00e0i nh\u1eefng \u0111i\u1ec1u chia s\u1ebb v\u1ec1 \u1ea9m th\u1ef1c, du l\u1ecbch th\u00ec m\u00ecnh mu\u1ed1n chia s\u1ebb v\u1edbi c\u00e1c b\u1ea1n \u0111\u00e3 v\u00e0 \u0111ang c\u00f3 \u00fd \u0111\u1ecbnh \u0111i theo con \u0111\u01b0\u1eddng m\u00faa chuy\u00ean nghi\u1ec7p, hay thi v\u00e0o tr\u01b0\u1eddng m\u00faa. Vd tuy\u1ec3n sinh hay nh\u1eefng g\u00ec v\u1ec1 m\u00faa m\u00e0 m\u00ecnh bi\u1ebft.!<\/p><p>N\u1ebfu c\u00e1c b\u1ea1n th\u1ea5y th\u00fa v\u1ecb c\u00f3 th\u1ec3 c\u00f9ng m\u00ecnh \u0111\u1ed3ng h\u00e0nh nh\u00e9.!!<\/p><\/blockquote>\n\n\n\n<p><\/p>\n\n\n\n\n\n<p><\/p>\n\n\n\n<p><\/p>\n\n\n\n<p><\/p>\n\n\n\n<h2 class=\"wp-block-heading\"><\/h2>\n\n\n\n<p><\/p>\n\n\n\n<p><\/p>\n\n\n\n<h2 class=\"wp-block-heading\"><\/h2>\n\n\n\n<p><\/p>\n\n\n\n<h2 class=\"wp-block-heading\"><\/h2>\n\n\n\n<p><\/p>\n\n\n\n<p><\/p>\n\n\n\n<h2 class=\"wp-block-heading\"><\/h2>\n\n\n\n<p><\/p>\n\n\n\n<h2 class=\"wp-block-heading\"><\/h2>\n\n\n\n<p><\/p>\n","protected":false},"excerpt":{"rendered":"<p>Ceetroc l\u00e0 m\u00ecnh \u0111\u00e2y \u00e0h c\u00e1i ch\u1eafc m\u1ecdi ng\u01b0\u1eddi s\u1ebd th\u1eafc m\u1eafc c\u00e1i ceetroc c\u00f3 \u00fd ngh\u0129a g\u00ec, C\u00ea l\u00e0 ch\u1eef c\u00e1i \u0111\u1ea7u c\u1ee7a t\u00ean m\u00ecnh nh\u01b0ng l\u00e0m web kh\u00f4ng \u0111\u01b0\u1ee3c \u0111\u1ec3 k\u00fd t\u1ef1 \u201c\u00ea\u201d n\u00ean m\u00ecnh \u0111\u1ec3 l\u00e0 cee c\u00f2n tr\u1ecdc l\u00e0 kh\u00f4ng c\u00f3 t\u00f3c, \u0111\u00f3 l\u00e0 l\u00fd do c\u00f3 c\u00e1i t\u00ean ceetroc n\u00e0y..! [&hellip;]<\/p>\n","protected":false},"author":1,"featured_media":0,"parent":0,"menu_order":0,"comment_status":"closed","ping_status":"open","template":"","meta":{"footnotes":""},"class_list":["post-3","page","type-page","status-publish","hentry","entry"],"jetpack_sharing_enabled":true,"_links":{"self":[{"href":"https:\/\/ceetroc-dancehcmc.com\/index.php?rest_route=\/wp\/v2\/pages\/3","targetHints":{"allow":["GET"]}}],"collection":[{"href":"https:\/\/ceetroc-dancehcmc.com\/index.php?rest_route=\/wp\/v2\/pages"}],"about":[{"href":"https:\/\/ceetroc-dancehcmc.com\/index.php?rest_route=\/wp\/v2\/types\/page"}],"author":[{"embeddable":true,"href":"https:\/\/ceetroc-dancehcmc.com\/index.php?rest_route=\/wp\/v2\/users\/1"}],"replies":[{"embeddable":true,"href":"https:\/\/ceetroc-dancehcmc.com\/index.php?rest_route=%2Fwp%2Fv2%2Fcomments&post=3"}],"version-history":[{"count":8,"href":"https:\/\/ceetroc-dancehcmc.com\/index.php?rest_route=\/wp\/v2\/pages\/3\/revisions"}],"predecessor-version":[{"id":349,"href":"https:\/\/ceetroc-dancehcmc.com\/index.php?rest_route=\/wp\/v2\/pages\/3\/revisions\/349"}],"wp:attachment":[{"href":"https:\/\/ceetroc-dancehcmc.com\/index.php?rest_route=%2Fwp%2Fv2%2Fmedia&parent=3"}],"curies":[{"name":"wp","href":"https:\/\/api.w.org\/{rel}","templated":true}]}}